{"id":2683,"date":"2022-10-04T10:41:01","date_gmt":"2022-10-04T13:41:01","guid":{"rendered":"https:\/\/abcdesportes.com.br\/wordpress\/?page_id=2683"},"modified":"2022-10-31T11:44:55","modified_gmt":"2022-10-31T14:44:55","slug":"diretoria-2022-2024","status":"publish","type":"page","link":"https:\/\/abcdesportes.com.br\/wordpress\/diretoria-2022-2024","title":{"rendered":"Diretoria 2022-2024"},"content":{"rendered":"<p>A diretoria da ABCD \u00e9 formada por jornalistas e radialistas registrados profissionalmente na Delegacia Regional do Trabalho com larga experi\u00eancia na Cr\u00f4nica Esportiva nos mais variados ve\u00edculos.<\/p>\n<figure id=\"attachment_2684\" aria-describedby=\"caption-attachment-2684\" style=\"width: 300px\" class=\"wp-caption alignnone\"><img fetchpriority=\"high\" decoding=\"async\" class=\"size-medium wp-image-2684\" src=\"https:\/\/abcdesportes.com.br\/wordpress\/wp-content\/uploads\/bhmoura02_273029476_311233597624253_7791129568502012800_n-300x180.jpg\" alt=\"\" width=\"300\" height=\"180\" srcset=\"https:\/\/abcdesportes.com.br\/wordpress\/wp-content\/uploads\/bhmoura02_273029476_311233597624253_7791129568502012800_n-300x180.jpg 300w, https:\/\/abcdesportes.com.br\/wordpress\/wp-content\/uploads\/bhmoura02_273029476_311233597624253_7791129568502012800_n-1024x615.jpg 1024w, https:\/\/abcdesportes.com.br\/wordpress\/wp-content\/uploads\/bhmoura02_273029476_311233597624253_7791129568502012800_n-768x462.jpg 768w, https:\/\/abcdesportes.com.br\/wordpress\/wp-content\/uploads\/bhmoura02_273029476_311233597624253_7791129568502012800_n.jpg 1080w\" sizes=\"(max-width: 300px) 100vw, 300px\" \/><figcaption id=\"caption-attachment-2684\" class=\"wp-caption-text\">Presidente da ABCD para a gest\u00e3o 2022-2024 Bruno Henrique de Moura<\/figcaption><\/figure>\n<h3>Diretoria Executiva \u2013 Gest\u00e3o 2022\/2024<\/h3>\n<p>Bruno Henrique de Moura (foto)<br \/>\nPresidente<\/p>\n<p>Rener Silva Lopes<br \/>\nVice-Presidente<\/p>\n<p>Esdras Alves<br \/>\nDiretor de Comunica\u00e7\u00e3o<\/p>\n<p>Pedro Kleiber de Bezerril Beltr\u00e3o J\u00fanior<br \/>\nDiretor Jur\u00eddico &#8211; OAB 18.515\/DF<\/p>\n<p>Gabriel Victor Mendes Spies<br \/>\nSecret\u00e1rio<\/p>\n<p>Danilo de Queiroz Fernandes<br \/>\nTesoureira<\/p>\n<p>Jos\u00e9 Rodrigues<br \/>\nDiretor de Opera\u00e7\u00f5es e Coordenador de Supervis\u00e3o de Imprensa<\/p>\n<p>Raimundo Terra<br \/>\nDiretor Regional &#8211; Una\u00ed e Paracatu\/MG<\/p>\n<p>Jos\u00e9 Ricardo<br \/>\nDiretor Regional &#8211; Luzi\u00e2nia\/GO<\/p>\n<p>Alline Santiago<br \/>\nDiretor Regional &#8211; Formosa\/GO<\/p>\n<h3><\/h3>\n<h3>Conselho Fiscal \u2013 Gest\u00e3o 2022\/2024<\/h3>\n<p>Expedito Monte Moreira<br \/>\nPresidente<\/p>\n<p>M\u00e1rcio Barbosa Mol<br \/>\nMembro Efetivo<\/p>\n<p>Simpl\u00edcio Luiz Leandro dos Santos<br \/>\nMembro Efetivo<\/p>\n<p>Elkson Barbosa de Siqueira<br \/>\n1\u00ba Suplente<\/p>\n<p>Luiz Maur\u00edcio Hagstrom de Oliveira<br \/>\n2\u00ba Suplente<\/p>\n<p>Mauro de Queiroz J\u00e1come<br \/>\n3\u00ba Suplente<\/p>\n<h3>Comiss\u00e3o de Sindic\u00e2ncia<\/h3>\n<p>Representantes da Diretoria Executiva: Bruno Henrique de Moura e Rener Silva Lopes<br \/>\nRepresentante do Conselho Fiscal: &#8211;<\/p>\n<hr \/>\n<p>S\u00e3o cargos\u00a0<strong>eletivos<\/strong>\u00a0da ABCD, para o mandato de dois anos:<\/p>\n<p>\u2013 Presidente e Vice-Presidente da ABCD<br \/>\n\u2013 Membros Efetivos e Suplentes da ABCD<\/p>\n<p>Os demais cargos s\u00e3o preenchidos por indica\u00e7\u00e3o do presidente da ABCD.<br \/>\nConforme reza o estatuto da entidade, <strong>nenhum membro da diretoria da ABCD<\/strong> \u00e9 remunerado.<\/p>\n","protected":false},"excerpt":{"rendered":"<p>A diretoria da ABCD \u00e9 formada por jornalistas e radialistas registrados profissionalmente na Delegacia Regional do Trabalho com larga experi\u00eancia na Cr\u00f4nica Esportiva nos mais variados ve\u00edculos. Diretoria Executiva \u2013 [&hellip;]<\/p>\n","protected":false},"author":3,"featured_media":0,"parent":0,"menu_order":0,"comment_status":"closed","ping_status":"closed","template":"","meta":{"footnotes":""},"class_list":["post-2683","page","type-page","status-publish","hentry","rishi-post","no-post-thumbnail"],"rishi__cb_customizer_meta":"","_links":{"self":[{"href":"https:\/\/abcdesportes.com.br\/wordpress\/wp-json\/wp\/v2\/pages\/2683","targetHints":{"allow":["GET"]}}],"collection":[{"href":"https:\/\/abcdesportes.com.br\/wordpress\/wp-json\/wp\/v2\/pages"}],"about":[{"href":"https:\/\/abcdesportes.com.br\/wordpress\/wp-json\/wp\/v2\/types\/page"}],"author":[{"embeddable":true,"href":"https:\/\/abcdesportes.com.br\/wordpress\/wp-json\/wp\/v2\/users\/3"}],"replies":[{"embeddable":true,"href":"https:\/\/abcdesportes.com.br\/wordpress\/wp-json\/wp\/v2\/comments?post=2683"}],"version-history":[{"count":3,"href":"https:\/\/abcdesportes.com.br\/wordpress\/wp-json\/wp\/v2\/pages\/2683\/revisions"}],"predecessor-version":[{"id":2741,"href":"https:\/\/abcdesportes.com.br\/wordpress\/wp-json\/wp\/v2\/pages\/2683\/revisions\/2741"}],"wp:attachment":[{"href":"https:\/\/abcdesportes.com.br\/wordpress\/wp-json\/wp\/v2\/media?parent=2683"}],"curies":[{"name":"wp","href":"https:\/\/api.w.org\/{rel}","templated":true}]}}