{"id":2077,"date":"2022-06-27T12:01:12","date_gmt":"2022-06-27T15:01:12","guid":{"rendered":"https:\/\/abcdesportes.com.br\/wordpress\/?page_id=2077"},"modified":"2026-02-16T11:28:55","modified_gmt":"2026-02-16T14:28:55","slug":"documentos","status":"publish","type":"page","link":"https:\/\/abcdesportes.com.br\/wordpress\/documentos","title":{"rendered":"Documentos"},"content":{"rendered":"\t\t<div data-elementor-type=\"wp-page\" data-elementor-id=\"2077\" class=\"elementor elementor-2077\">\n\t\t\t\t<div class=\"elementor-element elementor-element-005d2dc e-flex e-con-boxed e-con e-parent\" data-id=\"005d2dc\" data-element_type=\"container\" data-e-type=\"container\" data-settings=\"{&quot;background_background&quot;:&quot;classic&quot;}\">\n\t\t\t\t\t<div class=\"e-con-inner\">\n\t\t\t\t<div class=\"elementor-element elementor-element-2ae45d4 elementor-widget elementor-widget-heading\" data-id=\"2ae45d4\" data-element_type=\"widget\" data-e-type=\"widget\" data-widget_type=\"heading.default\">\n\t\t\t\t<div class=\"elementor-widget-container\">\n\t\t\t\t\t<h1 class=\"elementor-heading-title elementor-size-default\">Documentos<\/h1>\t\t\t\t<\/div>\n\t\t\t\t<\/div>\n\t\t\t\t\t<\/div>\n\t\t\t\t<\/div>\n\t\t<div class=\"elementor-element elementor-element-7173c480 e-flex e-con-boxed e-con e-parent\" data-id=\"7173c480\" data-element_type=\"container\" data-e-type=\"container\">\n\t\t\t\t\t<div class=\"e-con-inner\">\n\t\t\t\t<div class=\"elementor-element elementor-element-5e9d9b6f elementor-widget elementor-widget-text-editor\" data-id=\"5e9d9b6f\" data-element_type=\"widget\" data-e-type=\"widget\" data-widget_type=\"text-editor.default\">\n\t\t\t\t<div class=\"elementor-widget-container\">\n\t\t\t\t\t\t\t\t\t<p>Uma das premissas da ABCD \u00e9 a transpar\u00eancia com seus associados. Com isso, disponibilizamos nesta p\u00e1gina todos os documentos para consulta on-line.<\/p><p>Aproveitamos para lembrar que os documentos ficam todos dispon\u00edveis na secretaria da entidade.<\/p>\t\t\t\t\t\t\t\t<\/div>\n\t\t\t\t<\/div>\n\t\t\t\t\t<\/div>\n\t\t\t\t<\/div>\n\t\t<div class=\"elementor-element elementor-element-139f506 e-flex e-con-boxed e-con e-parent\" data-id=\"139f506\" data-element_type=\"container\" data-e-type=\"container\">\n\t\t\t\t\t<div class=\"e-con-inner\">\n\t\t\t\t<div class=\"elementor-element elementor-element-e953bc1 elementor-widget elementor-widget-heading\" data-id=\"e953bc1\" data-element_type=\"widget\" data-e-type=\"widget\" data-widget_type=\"heading.default\">\n\t\t\t\t<div class=\"elementor-widget-container\">\n\t\t\t\t\t<h2 class=\"elementor-heading-title elementor-size-default\">Credenciamentos<\/h2>\t\t\t\t<\/div>\n\t\t\t\t<\/div>\n\t\t\t\t<div class=\"elementor-element elementor-element-80c144f elementor-widget elementor-widget-text-editor\" data-id=\"80c144f\" data-element_type=\"widget\" data-e-type=\"widget\" data-widget_type=\"text-editor.default\">\n\t\t\t\t<div class=\"elementor-widget-container\">\n\t\t\t\t\t\t\t\t\t<p><a href=\"https:\/\/abcdesportes.com.br\/wordpress\/acredencial\"><strong>Saiba mais sobre a Credencial da ABCD<\/strong><\/a> | <a href=\"https:\/\/abcdesportes.com.br\/wordpress\/documentos\/protocolo-de-imprensa-temporada-2026.html\"><strong>Protocolo de Imprensa<\/strong><\/a> | <a href=\"https:\/\/abcdesportes.com.br\/wordpress\/wp-content\/uploads\/CONVENIO-01-2021-FFDF-ABCD-assinado.pdf\"><strong>Conv\u00eanio FFDF\/ABCD<\/strong><\/a><\/p>\t\t\t\t\t\t\t\t<\/div>\n\t\t\t\t<\/div>\n\t\t\t\t\t<\/div>\n\t\t\t\t<\/div>\n\t\t<div class=\"elementor-element elementor-element-3e479fe e-flex e-con-boxed e-con e-parent\" data-id=\"3e479fe\" data-element_type=\"container\" data-e-type=\"container\">\n\t\t\t\t\t<div class=\"e-con-inner\">\n\t\t\t\t<div class=\"elementor-element elementor-element-04d07e0 elementor-widget elementor-widget-heading\" data-id=\"04d07e0\" data-element_type=\"widget\" data-e-type=\"widget\" data-widget_type=\"heading.default\">\n\t\t\t\t<div class=\"elementor-widget-container\">\n\t\t\t\t\t<h2 class=\"elementor-heading-title elementor-size-default\">Balancetes<\/h2>\t\t\t\t<\/div>\n\t\t\t\t<\/div>\n\t\t\t\t<div class=\"elementor-element elementor-element-7246f5d elementor-widget elementor-widget-heading\" data-id=\"7246f5d\" data-element_type=\"widget\" data-e-type=\"widget\" data-widget_type=\"heading.default\">\n\t\t\t\t<div class=\"elementor-widget-container\">\n\t\t\t\t\t<h3 class=\"elementor-heading-title elementor-size-default\">Gest\u00e3o 2024-2026<\/h3>\t\t\t\t<\/div>\n\t\t\t\t<\/div>\n\t\t\t\t<div class=\"elementor-element elementor-element-47d9077 elementor-widget elementor-widget-text-editor\" data-id=\"47d9077\" data-element_type=\"widget\" data-e-type=\"widget\" data-widget_type=\"text-editor.default\">\n\t\t\t\t<div class=\"elementor-widget-container\">\n\t\t\t\t\t\t\t\t\t<p>Confira abaixo os balancetes relativos a esta gest\u00e3o:<\/p>\t\t\t\t\t\t\t\t<\/div>\n\t\t\t\t<\/div>\n\t\t\t\t<div class=\"elementor-element elementor-element-da02676 elementor-tabs-view-horizontal elementor-widget elementor-widget-tabs\" data-id=\"da02676\" data-element_type=\"widget\" data-e-type=\"widget\" data-widget_type=\"tabs.default\">\n\t\t\t\t<div class=\"elementor-widget-container\">\n\t\t\t\t\t\t\t<div class=\"elementor-tabs\">\n\t\t\t<div class=\"elementor-tabs-wrapper\" role=\"tablist\" >\n\t\t\t\t\t\t\t\t\t<div id=\"elementor-tab-title-2281\" class=\"elementor-tab-title elementor-tab-desktop-title\" aria-selected=\"true\" data-tab=\"1\" role=\"tab\" tabindex=\"0\" aria-controls=\"elementor-tab-content-2281\" aria-expanded=\"false\">2024<\/div>\n\t\t\t\t\t\t\t\t\t<div id=\"elementor-tab-title-2282\" class=\"elementor-tab-title elementor-tab-desktop-title\" aria-selected=\"false\" data-tab=\"2\" role=\"tab\" tabindex=\"-1\" aria-controls=\"elementor-tab-content-2282\" aria-expanded=\"false\">2025<\/div>\n\t\t\t\t\t\t\t\t\t<div id=\"elementor-tab-title-2283\" class=\"elementor-tab-title elementor-tab-desktop-title\" aria-selected=\"false\" data-tab=\"3\" role=\"tab\" tabindex=\"-1\" aria-controls=\"elementor-tab-content-2283\" aria-expanded=\"false\">2026<\/div>\n\t\t\t\t\t\t\t<\/div>\n\t\t\t<div class=\"elementor-tabs-content-wrapper\" role=\"tablist\" aria-orientation=\"vertical\">\n\t\t\t\t\t\t\t\t\t<div class=\"elementor-tab-title elementor-tab-mobile-title\" aria-selected=\"true\" data-tab=\"1\" role=\"tab\" tabindex=\"0\" aria-controls=\"elementor-tab-content-2281\" aria-expanded=\"false\">2024<\/div>\n\t\t\t\t\t<div id=\"elementor-tab-content-2281\" class=\"elementor-tab-content elementor-clearfix\" data-tab=\"1\" role=\"tabpanel\" aria-labelledby=\"elementor-tab-title-2281\" tabindex=\"0\" hidden=\"false\"><p>Setembro &#8211; <a href=\"https:\/\/abcdesportes.com.br\/wordpress\/wp-content\/uploads\/balancete_setembro24.pdf\">clique aqui<\/a><\/p><p>Outubro &#8211; <a href=\"https:\/\/abcdesportes.com.br\/wordpress\/wp-content\/uploads\/balancete_outubro24.pdf\">clique aqui<\/a><\/p><p>Novembro &#8211; <a href=\"https:\/\/abcdesportes.com.br\/wordpress\/wp-content\/uploads\/balancete_novembro24.pdf\">clique aqui<\/a><\/p><p>Dezembro &#8211; <a href=\"https:\/\/abcdesportes.com.br\/wordpress\/wp-content\/uploads\/balancete_dezembro24.pdf\">clique aqui<\/a><\/p><\/div>\n\t\t\t\t\t\t\t\t\t<div class=\"elementor-tab-title elementor-tab-mobile-title\" aria-selected=\"false\" data-tab=\"2\" role=\"tab\" tabindex=\"-1\" aria-controls=\"elementor-tab-content-2282\" aria-expanded=\"false\">2025<\/div>\n\t\t\t\t\t<div id=\"elementor-tab-content-2282\" class=\"elementor-tab-content elementor-clearfix\" data-tab=\"2\" role=\"tabpanel\" aria-labelledby=\"elementor-tab-title-2282\" tabindex=\"0\" hidden=\"hidden\"><p>Janeiro &#8211; <a href=\"https:\/\/abcdesportes.com.br\/wordpress\/wp-content\/uploads\/balancete_janeiro25.pdf\">clique aqui<\/a><\/p><p>Fevereiro &#8211; <a href=\"https:\/\/abcdesportes.com.br\/wordpress\/wp-content\/uploads\/balancete_fevereiro25.pdf\">clique aqui<\/a><\/p><p>Mar\u00e7o &#8211; <a href=\"https:\/\/abcdesportes.com.br\/wordpress\/wp-content\/uploads\/balancete_marco25.pdf\">clique aqui<\/a><\/p><p>Abril &#8211; <a href=\"https:\/\/abcdesportes.com.br\/wordpress\/wp-content\/uploads\/balancete_abril25.pdf\">clique aqui<\/a><\/p><p>Maio &#8211; <a href=\"https:\/\/abcdesportes.com.br\/wordpress\/wp-content\/uploads\/balancete_maio25.pdf\">clique aqui<\/a><\/p><p>Junho &#8211; <a href=\"https:\/\/abcdesportes.com.br\/wordpress\/wp-content\/uploads\/balancete_junho25.pdf\">clique aqui<\/a><\/p><p>Julho &#8211; <a href=\"https:\/\/abcdesportes.com.br\/wordpress\/wp-content\/uploads\/balancete_julho25.pdf\">clique aqui<\/a><\/p><p>Agosto &#8211; <a href=\"https:\/\/abcdesportes.com.br\/wordpress\/wp-content\/uploads\/balancete_agosto25.pdf\">clique aqui<\/a><\/p><p>Setembro &#8211; <a href=\"https:\/\/abcdesportes.com.br\/wordpress\/wp-content\/uploads\/balancete_setembro25.pdf\">clique aqui<\/a><\/p><p>Outubro &#8211; <a href=\"https:\/\/abcdesportes.com.br\/wordpress\/wp-content\/uploads\/balancete_outubro25.pdf\">clique aqui<\/a><\/p><p>Novembro &#8211; <a href=\"https:\/\/abcdesportes.com.br\/wordpress\/wp-content\/uploads\/balancete_novembro25.pdf\">clique aqui<\/a><\/p><p>Dezembro &#8211; <a href=\"https:\/\/abcdesportes.com.br\/wordpress\/wp-content\/uploads\/balancete_dezembro25.pdf\">clique aqui<\/a><\/p><\/div>\n\t\t\t\t\t\t\t\t\t<div class=\"elementor-tab-title elementor-tab-mobile-title\" aria-selected=\"false\" data-tab=\"3\" role=\"tab\" tabindex=\"-1\" aria-controls=\"elementor-tab-content-2283\" aria-expanded=\"false\">2026<\/div>\n\t\t\t\t\t<div id=\"elementor-tab-content-2283\" class=\"elementor-tab-content elementor-clearfix\" data-tab=\"3\" role=\"tabpanel\" aria-labelledby=\"elementor-tab-title-2283\" tabindex=\"0\" hidden=\"hidden\"><p>Janeiro &#8211; <a href=\"https:\/\/abcdesportes.com.br\/wordpress\/wp-content\/uploads\/balancete_janeiro26.pdf\">clique aqui<\/a><\/p><p>Fevereiro &#8211; <a href=\"https:\/\/abcdesportes.com.br\/wordpress\/wp-content\/uploads\/balancete_fevereiro26.pdf\">clique aqui<\/a><\/p><p>Mar\u00e7o &#8211; <a href=\"https:\/\/abcdesportes.com.br\/wordpress\/wp-content\/uploads\/balancete_marco26.pdf\">clique aqui<\/a><\/p><p>Abril &#8211; <a href=\"https:\/\/abcdesportes.com.br\/wordpress\/wp-content\/uploads\/balancete_abril26.pdf\">clique aqui<\/a><\/p><p>Maio &#8211; <a href=\"https:\/\/abcdesportes.com.br\/wordpress\/wp-content\/uploads\/balancete_maio26.pdf\">clique aqui<\/a><\/p><p>Junho &#8211; <a href=\"https:\/\/abcdesportes.com.br\/wordpress\/wp-content\/uploads\/balancete_junho26.pdf\">clique aqui<\/a><\/p><p>Julho &#8211; <a href=\"https:\/\/abcdesportes.com.br\/wordpress\/wp-content\/uploads\/balancete_julho26.pdf\">clique aqui<\/a><\/p><p>Agosto &#8211; <a href=\"https:\/\/abcdesportes.com.br\/wordpress\/wp-content\/uploads\/balancete_agosto26.pdf\">clique aqui<\/a><\/p><\/div>\n\t\t\t\t\t\t\t<\/div>\n\t\t<\/div>\n\t\t\t\t\t\t<\/div>\n\t\t\t\t<\/div>\n\t\t\t\t<div class=\"elementor-element elementor-element-f8a75dc elementor-widget elementor-widget-heading\" data-id=\"f8a75dc\" data-element_type=\"widget\" data-e-type=\"widget\" data-widget_type=\"heading.default\">\n\t\t\t\t<div class=\"elementor-widget-container\">\n\t\t\t\t\t<h3 class=\"elementor-heading-title elementor-size-default\">Gest\u00e3o 2022-2024<\/h3>\t\t\t\t<\/div>\n\t\t\t\t<\/div>\n\t\t\t\t<div class=\"elementor-element elementor-element-38e5efe elementor-widget elementor-widget-text-editor\" data-id=\"38e5efe\" data-element_type=\"widget\" data-e-type=\"widget\" data-widget_type=\"text-editor.default\">\n\t\t\t\t<div class=\"elementor-widget-container\">\n\t\t\t\t\t\t\t\t\t<p><a href=\"https:\/\/abcdesportes.com.br\/wordpress\/gestao-2022-2024\">Clique aqui e confira os balancetes relativos a esta gest\u00e3o.<\/a><\/p>\t\t\t\t\t\t\t\t<\/div>\n\t\t\t\t<\/div>\n\t\t\t\t<div class=\"elementor-element elementor-element-302c9a9 elementor-widget elementor-widget-heading\" data-id=\"302c9a9\" data-element_type=\"widget\" data-e-type=\"widget\" data-widget_type=\"heading.default\">\n\t\t\t\t<div class=\"elementor-widget-container\">\n\t\t\t\t\t<h3 class=\"elementor-heading-title elementor-size-default\">Gest\u00e3o 2020-2022<\/h3>\t\t\t\t<\/div>\n\t\t\t\t<\/div>\n\t\t\t\t<div class=\"elementor-element elementor-element-63b1199 elementor-widget elementor-widget-text-editor\" data-id=\"63b1199\" data-element_type=\"widget\" data-e-type=\"widget\" data-widget_type=\"text-editor.default\">\n\t\t\t\t<div class=\"elementor-widget-container\">\n\t\t\t\t\t\t\t\t\t<p><a href=\"https:\/\/abcdesportes.com.br\/wordpress\/gestao-2020-2022\">Clique aqui e confira os balancetes relativos a esta gest\u00e3o.<\/a><\/p>\t\t\t\t\t\t\t\t<\/div>\n\t\t\t\t<\/div>\n\t\t\t\t<div class=\"elementor-element elementor-element-9906f2f elementor-widget elementor-widget-heading\" data-id=\"9906f2f\" data-element_type=\"widget\" data-e-type=\"widget\" data-widget_type=\"heading.default\">\n\t\t\t\t<div class=\"elementor-widget-container\">\n\t\t\t\t\t<h3 class=\"elementor-heading-title elementor-size-default\">Gest\u00e3o 2018-2020<\/h3>\t\t\t\t<\/div>\n\t\t\t\t<\/div>\n\t\t\t\t<div class=\"elementor-element elementor-element-d140275 elementor-widget elementor-widget-text-editor\" data-id=\"d140275\" data-element_type=\"widget\" data-e-type=\"widget\" data-widget_type=\"text-editor.default\">\n\t\t\t\t<div class=\"elementor-widget-container\">\n\t\t\t\t\t\t\t\t\t<p><a href=\"https:\/\/abcdesportes.com.br\/wordpress\/gestao-2018-2020\">Clique aqui e confira os balancetes relativos a esta gest\u00e3o<\/a>.<\/p>\t\t\t\t\t\t\t\t<\/div>\n\t\t\t\t<\/div>\n\t\t\t\t\t<\/div>\n\t\t\t\t<\/div>\n\t\t\t\t<\/div>\n\t\t","protected":false},"excerpt":{"rendered":"<p>Documentos Uma das premissas da ABCD \u00e9 a transpar\u00eancia com seus associados. Com isso, disponibilizamos nesta p\u00e1gina todos os documentos para consulta on-line. Aproveitamos para lembrar que os documentos ficam [&hellip;]<\/p>\n","protected":false},"author":1,"featured_media":0,"parent":0,"menu_order":0,"comment_status":"closed","ping_status":"closed","template":"","meta":{"footnotes":""},"class_list":["post-2077","page","type-page","status-publish","hentry","rishi-post","no-post-thumbnail"],"rishi__cb_customizer_meta":"","_links":{"self":[{"href":"https:\/\/abcdesportes.com.br\/wordpress\/wp-json\/wp\/v2\/pages\/2077","targetHints":{"allow":["GET"]}}],"collection":[{"href":"https:\/\/abcdesportes.com.br\/wordpress\/wp-json\/wp\/v2\/pages"}],"about":[{"href":"https:\/\/abcdesportes.com.br\/wordpress\/wp-json\/wp\/v2\/types\/page"}],"author":[{"embeddable":true,"href":"https:\/\/abcdesportes.com.br\/wordpress\/wp-json\/wp\/v2\/users\/1"}],"replies":[{"embeddable":true,"href":"https:\/\/abcdesportes.com.br\/wordpress\/wp-json\/wp\/v2\/comments?post=2077"}],"version-history":[{"count":32,"href":"https:\/\/abcdesportes.com.br\/wordpress\/wp-json\/wp\/v2\/pages\/2077\/revisions"}],"predecessor-version":[{"id":11229,"href":"https:\/\/abcdesportes.com.br\/wordpress\/wp-json\/wp\/v2\/pages\/2077\/revisions\/11229"}],"wp:attachment":[{"href":"https:\/\/abcdesportes.com.br\/wordpress\/wp-json\/wp\/v2\/media?parent=2077"}],"curies":[{"name":"wp","href":"https:\/\/api.w.org\/{rel}","templated":true}]}}