{"id":1520,"date":"2022-01-05T10:57:10","date_gmt":"2022-01-05T13:57:10","guid":{"rendered":"https:\/\/abcdesportes.com.br\/wordpress\/?page_id=1520"},"modified":"2022-01-05T10:57:10","modified_gmt":"2022-01-05T13:57:10","slug":"transparencia","status":"publish","type":"page","link":"https:\/\/abcdesportes.com.br\/wordpress\/transparencia","title":{"rendered":"Transpar\u00eancia"},"content":{"rendered":"<p>P\u00e1gina em Constru\u00e7\u00e3o.<\/p>\n","protected":false},"excerpt":{"rendered":"<p>P\u00e1gina em Constru\u00e7\u00e3o.<\/p>\n","protected":false},"author":1,"featured_media":0,"parent":0,"menu_order":0,"comment_status":"closed","ping_status":"closed","template":"","meta":{"footnotes":""},"class_list":["post-1520","page","type-page","status-publish","hentry","rishi-post","no-post-thumbnail"],"rishi__cb_customizer_meta":"","_links":{"self":[{"href":"https:\/\/abcdesportes.com.br\/wordpress\/wp-json\/wp\/v2\/pages\/1520","targetHints":{"allow":["GET"]}}],"collection":[{"href":"https:\/\/abcdesportes.com.br\/wordpress\/wp-json\/wp\/v2\/pages"}],"about":[{"href":"https:\/\/abcdesportes.com.br\/wordpress\/wp-json\/wp\/v2\/types\/page"}],"author":[{"embeddable":true,"href":"https:\/\/abcdesportes.com.br\/wordpress\/wp-json\/wp\/v2\/users\/1"}],"replies":[{"embeddable":true,"href":"https:\/\/abcdesportes.com.br\/wordpress\/wp-json\/wp\/v2\/comments?post=1520"}],"version-history":[{"count":1,"href":"https:\/\/abcdesportes.com.br\/wordpress\/wp-json\/wp\/v2\/pages\/1520\/revisions"}],"predecessor-version":[{"id":1521,"href":"https:\/\/abcdesportes.com.br\/wordpress\/wp-json\/wp\/v2\/pages\/1520\/revisions\/1521"}],"wp:attachment":[{"href":"https:\/\/abcdesportes.com.br\/wordpress\/wp-json\/wp\/v2\/media?parent=1520"}],"curies":[{"name":"wp","href":"https:\/\/api.w.org\/{rel}","templated":true}]}}