{"id":1414,"date":"2021-12-05T20:54:40","date_gmt":"2021-12-05T23:54:40","guid":{"rendered":"https:\/\/abcdesportes.com.br\/wordpress\/?page_id=1414"},"modified":"2022-01-06T10:37:17","modified_gmt":"2022-01-06T13:37:17","slug":"acredencial","status":"publish","type":"page","link":"https:\/\/abcdesportes.com.br\/wordpress\/acredencial","title":{"rendered":"A Credencial"},"content":{"rendered":"<p>Desde 2011, os radialistas, jornalistas e fot\u00f3grafos credenciados pelas Associa\u00e7\u00f5es de Cronistas Esportivos t\u00eam o direito de livre acesso \u00e0s pra\u00e7as, est\u00e1dios e gin\u00e1sios em todo o territ\u00f3rio nacional garantindo por lei federal.<\/p>\n<p>Fundada em 8 de maio de 1975 e inscrita no CNPJ sob o n\u00ba 00.720.722\/0001-10, a Associa\u00e7\u00e3o Brasiliense de Cronistas Desportivos \u2013 ABCD \u2013 \u00e9 a \u00fanica entidade com legitimidade para credenciar (e operacionalizar) jornalistas, fot\u00f3grafos e radialistas esportivos no Distrito Federal.<\/p>\n<p>Sancionada pela presidenta Dilma Rousseff, em 16 de mar\u00e7o, a Lei Federal n\u00ba 12.395, que altera e consolida a Lei Pel\u00e9 (Lei 9.615\/98), o preceito legal que rege o esporte no Brasil, traz importante decis\u00e3o em prol das Associa\u00e7\u00f5es de Cronistas Esportivos, dentre elas a ABCD-DF. De autoria do Senador \u00c1lvaro Dias, o artigo 90, al\u00ednea F, reza que:<\/p>\n<p><em><strong>LEI 9.615\/98<br \/>\n\u201cArt. 90-F. Os profissionais credenciados pelas Associa\u00e7\u00f5es de Cronistas Esportivos quando em servi\u00e7o t\u00eam acesso a pra\u00e7as, est\u00e1dios e gin\u00e1sios desportivos em todo o territ\u00f3rio nacional, obrigando-se a ocupar locais a eles reservados pelas respectivas entidades de administra\u00e7\u00e3o do desporto. (Inclu\u00eddo pela Lei n\u00ba 12.395, de 2011)\u201d.<\/p>\n<p><\/strong><\/em><strong>LEI DISTRITAL N\u00ba 6.894, DE 14 DE JULHO DE 2021<\/strong><br \/>\n<strong>Concede gratuidade de ingresso aos cronistas esportivos ativos, nas \u00e1reas de imprensa, nos locais de realiza\u00e7\u00e3o de todo e qualquer evento esportivo no Distrito Federal.<\/strong><\/p>\n<p><iframe title=\"Senador \u00c1lvaro Dias fala sobre a legitimidade das Associa\u00f5es de Cronistas Filme\" src=\"https:\/\/www.youtube.com\/embed\/MPIWS-0ftFc?feature=oembed\" width=\"640\" height=\"480\" frameborder=\"0\" allowfullscreen=\"allowfullscreen\" data-mce-fragment=\"1\"><\/iframe><\/p>\n<p>Com a referida garantia legal, o credenciamento de imprensa permanece exclusivo das associa\u00e7\u00f5es estaduais, chanceladas pela ABRACE ou ACEB (entidades nacionais). Munidos de suas carteiras, os cronistas esportivos t\u00eam garantido seu acesso aos jogos de quaisquer modalidades, n\u00e3o apenas o futebol, nas \u00e1reas reservadas para a imprensa: cabines, gramados, pistas, salas de coletiva e outras instala\u00e7\u00f5es.<\/p>\n<p>Os profissionais do DF, trabalhando dentro do DF e da Regi\u00e3o Integrada de Desenvolvimento do Distrito Federal e Entorno (RIDE\/DF), precisam estar de posse de suas carteiras da ABCD. Aos profissionais de outros estados, em trabalho nos est\u00e1dios brasilienses, continuar\u00e1 sendo exigida a carteira da ABRACE ou ACEB.<\/p>\n<p>O artigo 6\u00ba do Regulamento Geral das Competi\u00e7\u00f5es 2015 (RGC) da CBF atribui \u00e0s associa\u00e7\u00f5es de cronistas locais \u2013 e n\u00e3o aos clubes e \u00e0s federa\u00e7\u00f5es \u2013 o direito de credenciar jornalistas e radialistas para a cobertura dos jogos nos est\u00e1dios de futebol. Feito o credenciamento pelas associa\u00e7\u00f5es de cronistas, a lista \u00e9 encaminhada para ci\u00eancia das respectivas federa\u00e7\u00f5es.<\/p>\n<p><strong>Art. 6\u00ba \u2013 Compete \u00e0s federa\u00e7\u00f5es estaduais:<\/strong><br \/>\n<em><strong>VIII \u2013 aprovar, se corretas, as listas encaminhadas pelas associa\u00e7\u00f5es locais de classe representativas de fot\u00f3grafos ou jornalistas escalados para cada partida visando o credenciamento e fiscaliza\u00e7\u00e3o do acesso ao est\u00e1dio e ao gramado, quando n\u00e3o forem realizados diretamente pela CBF.<\/strong><\/em><\/p>\n<p>Por sua vez, o Regulamento Geral das Competi\u00e7\u00f5es da Federa\u00e7\u00e3o Brasiliense de Futebol (RGC 2015 \u2013 FBF), em seu Cap\u00edtulo VI, artigo 38, \u00e9 espec\u00edfico ao reconhecer a ABCD como entidade com legitimidade para credenciar a imprensa esportiva no DF.<\/p>\n<p><strong>RGC 2015-FBF<\/strong><br \/>\n<em><strong>\u201cArtigo 38 \u2013 Durante o transcorrer da partida somente ser\u00e1 permitida na \u00e1rea que circunda o campo de jogo (entorno) a presen\u00e7a de:<br \/>\nI<br \/>\nII<br \/>\nIII<br \/>\nIV<br \/>\nV \u2013 Profissionais de imprensa credenciados pela Associa\u00e7\u00e3o Brasiliense de Cronistas Desportivos (ABCD)\u201d.<\/strong><\/em><\/p>\n<p>O Artigo seguinte do mesmo RGC refor\u00e7a que:\u00a0<strong>\u201c\u00c9 obrigat\u00f3rio que o \u00e1rbitro da partida observe atentamente o disposto no artigo 38 deste regulamento, assim como o delegado da partida\u201d.<\/strong><\/p>\n<p>VALORIZE SUA CREDENCIAL!<\/p>\n","protected":false},"excerpt":{"rendered":"<p>Desde 2011, os radialistas, jornalistas e fot\u00f3grafos credenciados pelas Associa\u00e7\u00f5es de Cronistas Esportivos t\u00eam o direito de livre acesso \u00e0s pra\u00e7as, est\u00e1dios e gin\u00e1sios em todo o territ\u00f3rio nacional garantindo [&hellip;]<\/p>\n","protected":false},"author":1,"featured_media":0,"parent":0,"menu_order":0,"comment_status":"closed","ping_status":"closed","template":"","meta":{"footnotes":""},"class_list":["post-1414","page","type-page","status-publish","hentry","rishi-post","no-post-thumbnail"],"rishi__cb_customizer_meta":"","_links":{"self":[{"href":"https:\/\/abcdesportes.com.br\/wordpress\/wp-json\/wp\/v2\/pages\/1414","targetHints":{"allow":["GET"]}}],"collection":[{"href":"https:\/\/abcdesportes.com.br\/wordpress\/wp-json\/wp\/v2\/pages"}],"about":[{"href":"https:\/\/abcdesportes.com.br\/wordpress\/wp-json\/wp\/v2\/types\/page"}],"author":[{"embeddable":true,"href":"https:\/\/abcdesportes.com.br\/wordpress\/wp-json\/wp\/v2\/users\/1"}],"replies":[{"embeddable":true,"href":"https:\/\/abcdesportes.com.br\/wordpress\/wp-json\/wp\/v2\/comments?post=1414"}],"version-history":[{"count":2,"href":"https:\/\/abcdesportes.com.br\/wordpress\/wp-json\/wp\/v2\/pages\/1414\/revisions"}],"predecessor-version":[{"id":1554,"href":"https:\/\/abcdesportes.com.br\/wordpress\/wp-json\/wp\/v2\/pages\/1414\/revisions\/1554"}],"wp:attachment":[{"href":"https:\/\/abcdesportes.com.br\/wordpress\/wp-json\/wp\/v2\/media?parent=1414"}],"curies":[{"name":"wp","href":"https:\/\/api.w.org\/{rel}","templated":true}]}}