{"id":1406,"date":"2021-12-05T20:18:59","date_gmt":"2021-12-05T23:18:59","guid":{"rendered":"https:\/\/abcdesportes.com.br\/wordpress\/?page_id=1406"},"modified":"2025-11-21T16:15:29","modified_gmt":"2025-11-21T19:15:29","slug":"quemsomos","status":"publish","type":"page","link":"https:\/\/abcdesportes.com.br\/wordpress\/quemsomos","title":{"rendered":"Quem Somos"},"content":{"rendered":"<p><img fetchpriority=\"high\" decoding=\"async\" class=\"size-medium wp-image-1530 alignleft\" src=\"https:\/\/abcdesportes.com.br\/wordpress\/wp-content\/uploads\/ABCD_FINAL_-300x300.png\" alt=\"\" width=\"300\" height=\"300\" srcset=\"https:\/\/abcdesportes.com.br\/wordpress\/wp-content\/uploads\/ABCD_FINAL_-300x300.png 300w, https:\/\/abcdesportes.com.br\/wordpress\/wp-content\/uploads\/ABCD_FINAL_-1024x1024.png 1024w, https:\/\/abcdesportes.com.br\/wordpress\/wp-content\/uploads\/ABCD_FINAL_-150x150.png 150w, https:\/\/abcdesportes.com.br\/wordpress\/wp-content\/uploads\/ABCD_FINAL_-768x768.png 768w, https:\/\/abcdesportes.com.br\/wordpress\/wp-content\/uploads\/ABCD_FINAL_-1536x1536.png 1536w, https:\/\/abcdesportes.com.br\/wordpress\/wp-content\/uploads\/ABCD_FINAL_-100x100.png 100w, https:\/\/abcdesportes.com.br\/wordpress\/wp-content\/uploads\/ABCD_FINAL_.png 2043w\" sizes=\"(max-width: 300px) 100vw, 300px\" \/>Fundada inicialmente em 25 de agosto de 1960, em Assembleia Geral realizada na sede da Federa\u00e7\u00e3o Desportiva de Bras\u00edlia (atual FFDF), tendo como primeiro presidente\u00a0<strong>Luiz Contart<\/strong>\u00a0e como presidente de honra o ex-\u00e1rbitro\u00a0<strong>Ramos de Freitas<\/strong>, e recriada quinze anos depois\u00a0<strong>(08\/05\/1975)<\/strong>\u00a0pelos saudosos jornalistas e radialistas\u00a0<strong>Nilson Nelson<\/strong>\u00a0e\u00a0<strong>Jorge Martins<\/strong>, dois dos nomes mais importantes da cr\u00f4nica esportiva local, a Associa\u00e7\u00e3o Brasiliense de Cronistas Desportivos \u2013 ABCD \u2013 \u00e9 uma das mais importantes entidades parceiras e apoiadoras do desenvolvimento do futebol brasiliense desde o seu nascimento.<\/p>\n<p>A ABCD \u00e9 uma entidade sem fins lucrativos, constitu\u00edda por jornalistas, radialistas e profissionais da \u00e1rea t\u00e9cnica dos ve\u00edculos de comunica\u00e7\u00e3o (r\u00e1dio, TV, jornais, portais de not\u00edcia), com Registro Profissional emitido pela Delegacia Regional do Trabalho (DRT), que atuam no desenvolvimento, na divulga\u00e7\u00e3o e na promo\u00e7\u00e3o dos mais diversos eventos esportivos realizados no \u00e2mbito do Distrito Federal e Entorno.<\/p>\n<p><strong>QUANTOS SOMOS E COMO ATUAMOS<br \/>\n<\/strong><strong>A ABCD, atualmente com aproximadamente 250 associados ativos e tantos outros inativos,<\/strong> \u00e9 a \u00fanica entidade regulamentada e habilitada no Distrito Federal, na forma da Lei Federal 14.597\/2023 \u2013 Artigo 212, para credenciar jornalistas, radialistas, fot\u00f3grafos e profissionais da \u00e1rea t\u00e9cnica, possibilitando-lhes exercer suas atividades profissionais em local de trabalho facilitado.<\/p>\n<p>Entre outros objetivos (de acordo com seu Estatuto), a entidade tem a miss\u00e3o e o dever de representar seus associados junto a \u00f3rg\u00e3os p\u00fablicos, sindicatos, empresas, organiza\u00e7\u00f5es diversas, confedera\u00e7\u00f5es, federa\u00e7\u00f5es, clubes esportivos profissionais ou amadores etc. Muito mais que credenciar profissionais da imprensa, a ABCD \u00e9 uma das mais importantes entidades parceiras e incentivadoras do esporte local, desde o n\u00edvel amador ao profissional.<\/p>\n<p><em><strong>(\u201cOs profissionais credenciados pelas associa\u00e7\u00f5es de cronistas esportivos, quando em servi\u00e7o, t\u00eam acesso a pra\u00e7as, est\u00e1dios, arenas e gin\u00e1sios esportivos em todo o territ\u00f3rio nacional, assegurando-se a eles ocupar, pelo menos, 80% (oitenta por cento) dos locais reservados \u00e0 imprensa pelas respectivas organiza\u00e7\u00f5es que administram e regulam a modalidade\u201d).<\/strong>\u00a0<strong>Lei Federal 14.597\/2023 \u2013 Artigo 212.<\/strong><\/em><\/p>\n<p><strong>LEI DISTRITAL N\u00ba 6.894, DE 14 DE JULHO DE 2021<\/strong><br \/>\nConcede gratuidade de ingresso aos cronistas esportivos ativos, nas \u00e1reas de imprensa, nos locais de realiza\u00e7\u00e3o de todo e qualquer evento esportivo no Distrito Federal.<\/p>\n","protected":false},"excerpt":{"rendered":"<p>Fundada inicialmente em 25 de agosto de 1960, em Assembleia Geral realizada na sede da Federa\u00e7\u00e3o Desportiva de Bras\u00edlia (atual FFDF), tendo como primeiro presidente\u00a0Luiz Contart\u00a0e como presidente de honra [&hellip;]<\/p>\n","protected":false},"author":1,"featured_media":0,"parent":0,"menu_order":0,"comment_status":"closed","ping_status":"closed","template":"","meta":{"footnotes":""},"class_list":["post-1406","page","type-page","status-publish","hentry","rishi-post","no-post-thumbnail"],"rishi__cb_customizer_meta":"","_links":{"self":[{"href":"https:\/\/abcdesportes.com.br\/wordpress\/wp-json\/wp\/v2\/pages\/1406","targetHints":{"allow":["GET"]}}],"collection":[{"href":"https:\/\/abcdesportes.com.br\/wordpress\/wp-json\/wp\/v2\/pages"}],"about":[{"href":"https:\/\/abcdesportes.com.br\/wordpress\/wp-json\/wp\/v2\/types\/page"}],"author":[{"embeddable":true,"href":"https:\/\/abcdesportes.com.br\/wordpress\/wp-json\/wp\/v2\/users\/1"}],"replies":[{"embeddable":true,"href":"https:\/\/abcdesportes.com.br\/wordpress\/wp-json\/wp\/v2\/comments?post=1406"}],"version-history":[{"count":5,"href":"https:\/\/abcdesportes.com.br\/wordpress\/wp-json\/wp\/v2\/pages\/1406\/revisions"}],"predecessor-version":[{"id":10626,"href":"https:\/\/abcdesportes.com.br\/wordpress\/wp-json\/wp\/v2\/pages\/1406\/revisions\/10626"}],"wp:attachment":[{"href":"https:\/\/abcdesportes.com.br\/wordpress\/wp-json\/wp\/v2\/media?parent=1406"}],"curies":[{"name":"wp","href":"https:\/\/api.w.org\/{rel}","templated":true}]}}